{"id":3654,"date":"2025-03-05T16:12:02","date_gmt":"2025-03-05T21:12:02","guid":{"rendered":"https:\/\/topmotors.pe\/tienda\/?post_type=product&#038;p=3654"},"modified":"2025-04-14T10:07:48","modified_gmt":"2025-04-14T15:07:48","slug":"jgo-de-pastillas-de-freno-del-st-2","status":"publish","type":"product","link":"https:\/\/topmotors.pe\/tienda\/product\/jgo-de-pastillas-de-freno-del-st-2\/","title":{"rendered":"JGO. DE PASTILLAS DE FRENO DEL. ST"},"content":{"rendered":"<p>El JGO. de Pastillas de Freno Del. ST Honda asegura un frenado efectivo y seguro para tu motocicleta. Fabricadas con materiales resistentes, ofrecen una alta durabilidad y rendimiento constante. Es importante reemplazarlas cuando se desgastan, ya que unas pastillas deterioradas pueden comprometer la seguridad y eficiencia del sistema\u00a0de\u00a0frenos.<\/p>\n","protected":false},"excerpt":{"rendered":"<p>El JGO. de Pastillas de Freno Del. Honda ST garantiza un frenado eficiente y seguro. Dise\u00f1adas para ofrecer alta resistencia y durabilidad, aseguran una respuesta \u00f3ptima en cada frenada. Es vital reemplazarlas cuando se desgastan para mantener la seguridad en la conducci\u00f3n y evitar da\u00f1os a los discos\u00a0de\u00a0freno.<\/p>\n","protected":false},"featured_media":3689,"template":"","meta":[],"product_brand":[],"product_cat":[27],"product_tag":[],"class_list":{"0":"post-3654","1":"product","2":"type-product","3":"status-publish","4":"has-post-thumbnail","6":"product_cat-zapata-pastilla","8":"first","9":"outofstock","10":"shipping-taxable","11":"purchasable","12":"product-type-simple"},"_links":{"self":[{"href":"https:\/\/topmotors.pe\/tienda\/wp-json\/wp\/v2\/product\/3654","targetHints":{"allow":["GET"]}}],"collection":[{"href":"https:\/\/topmotors.pe\/tienda\/wp-json\/wp\/v2\/product"}],"about":[{"href":"https:\/\/topmotors.pe\/tienda\/wp-json\/wp\/v2\/types\/product"}],"wp:featuredmedia":[{"embeddable":true,"href":"https:\/\/topmotors.pe\/tienda\/wp-json\/wp\/v2\/media\/3689"}],"wp:attachment":[{"href":"https:\/\/topmotors.pe\/tienda\/wp-json\/wp\/v2\/media?parent=3654"}],"wp:term":[{"taxonomy":"product_brand","embeddable":true,"href":"https:\/\/topmotors.pe\/tienda\/wp-json\/wp\/v2\/product_brand?post=3654"},{"taxonomy":"product_cat","embeddable":true,"href":"https:\/\/topmotors.pe\/tienda\/wp-json\/wp\/v2\/product_cat?post=3654"},{"taxonomy":"product_tag","embeddable":true,"href":"https:\/\/topmotors.pe\/tienda\/wp-json\/wp\/v2\/product_tag?post=3654"}],"curies":[{"name":"wp","href":"https:\/\/api.w.org\/{rel}","templated":true}]}}