{"id":4297,"date":"2025-12-19T01:40:33","date_gmt":"2025-12-19T06:40:33","guid":{"rendered":"https:\/\/topmotors.pe\/tienda\/?post_type=product&#038;p=4297"},"modified":"2025-12-19T08:39:07","modified_gmt":"2025-12-19T13:39:07","slug":"motocicleta-honda-cmx500-rebel","status":"publish","type":"product","link":"https:\/\/topmotors.pe\/tienda\/product\/motocicleta-honda-cmx500-rebel\/","title":{"rendered":"Motocicleta Honda CMX500 Rebel"},"content":{"rendered":"<div id=\"norebro-custom-66fdef3dc5f82\" class=\"norebro-heading-sc heading text-left aos-init aos-animate\" data-aos=\"fade-right\" data-aos-duration=\"1000\">\n<h1 class=\"title\">HONDA CMX500 REBEL<\/h1>\n<p class=\"subtitle\">ESTILO CRUISER, LIBERTAD TOTAL<\/p>\n<\/div>\n<div class=\"vc_empty_space\">La <strong>HONDA CMX500 REBEL,\u00a0<\/strong>est\u00e1 siempre firme con la Calidad, con tu Bolsillo y Seguridad. Con ella puedes salir a trabajar tranquilo, porque la\u00a0<strong>HONDA CMX500 REBEL<\/strong>\u00a0cuida de ti, tu futuro y te respalda por muchos a\u00f1os en cada chamba que hagas.<\/div>\n<div><\/div>\n<div class=\"vc_empty_space\">La <strong>HONDA CMX500 REBEL\u00a0<\/strong>\u00a0est\u00e1 hecha para ser competitiva. Posee un motor de 100cc super eficiente, capaz de generar hasta 58KM\/L*, lo que se traduce en un total de 522 KM por tanqueada. Ideal para largas jornadas de trabajo ahorrando la mayor cantidad de combustible.<\/div>\n<div><\/div>\n<div class=\"vc_empty_space\"><\/div>\n","protected":false},"excerpt":{"rendered":"<p>Una motocicleta \u00e1gil y confiable para el d\u00eda a d\u00eda, con 471CC y transmisi\u00f3n Mec\u00e1nica 6 velocidades, pensada para comodidad y econom\u00eda.<\/p>\n","protected":false},"featured_media":4118,"template":"","meta":[],"product_brand":[],"product_cat":[92],"product_tag":[],"class_list":{"0":"post-4297","1":"product","2":"type-product","3":"status-publish","4":"has-post-thumbnail","6":"product_cat-motocicletas","8":"first","9":"instock","10":"shipping-taxable","11":"purchasable","12":"product-type-variable","13":"has-default-attributes"},"_links":{"self":[{"href":"https:\/\/topmotors.pe\/tienda\/wp-json\/wp\/v2\/product\/4297","targetHints":{"allow":["GET"]}}],"collection":[{"href":"https:\/\/topmotors.pe\/tienda\/wp-json\/wp\/v2\/product"}],"about":[{"href":"https:\/\/topmotors.pe\/tienda\/wp-json\/wp\/v2\/types\/product"}],"wp:featuredmedia":[{"embeddable":true,"href":"https:\/\/topmotors.pe\/tienda\/wp-json\/wp\/v2\/media\/4118"}],"wp:attachment":[{"href":"https:\/\/topmotors.pe\/tienda\/wp-json\/wp\/v2\/media?parent=4297"}],"wp:term":[{"taxonomy":"product_brand","embeddable":true,"href":"https:\/\/topmotors.pe\/tienda\/wp-json\/wp\/v2\/product_brand?post=4297"},{"taxonomy":"product_cat","embeddable":true,"href":"https:\/\/topmotors.pe\/tienda\/wp-json\/wp\/v2\/product_cat?post=4297"},{"taxonomy":"product_tag","embeddable":true,"href":"https:\/\/topmotors.pe\/tienda\/wp-json\/wp\/v2\/product_tag?post=4297"}],"curies":[{"name":"wp","href":"https:\/\/api.w.org\/{rel}","templated":true}]}}