{"id":4298,"date":"2025-12-19T01:40:33","date_gmt":"2025-12-19T06:40:33","guid":{"rendered":"https:\/\/topmotors.pe\/tienda\/?post_type=product&#038;p=4298"},"modified":"2025-12-19T08:39:07","modified_gmt":"2025-12-19T13:39:07","slug":"motocicleta-honda-cl500","status":"publish","type":"product","link":"https:\/\/topmotors.pe\/tienda\/product\/motocicleta-honda-cl500\/","title":{"rendered":"Motocicleta Honda CL500"},"content":{"rendered":"<div id=\"norebro-custom-66fdef3dc5f82\" class=\"norebro-heading-sc heading text-left aos-init aos-animate\" data-aos=\"fade-right\" data-aos-duration=\"1000\">\n<h1 class=\"title\">HONDA CL500<\/h1>\n<p class=\"subtitle\">RETRO SCRAMBLER, AVENTURA URBANA<\/p>\n<\/div>\n<div class=\"vc_empty_space\">La <strong>HONDA CL500,\u00a0<\/strong>est\u00e1 siempre firme con la Calidad, con tu Bolsillo y Seguridad. Con ella puedes salir a trabajar tranquilo, porque la\u00a0<strong>HONDA CL500<\/strong>\u00a0cuida de ti, tu futuro y te respalda por muchos a\u00f1os en cada chamba que hagas.<\/div>\n<div><\/div>\n<div class=\"vc_empty_space\">La <strong>HONDA CL500\u00a0<\/strong>\u00a0est\u00e1 hecha para ser competitiva. Posee un motor de 100cc super eficiente, capaz de generar hasta 58KM\/L*, lo que se traduce en un total de 522 KM por tanqueada. Ideal para largas jornadas de trabajo ahorrando la mayor cantidad de combustible.<\/div>\n<div><\/div>\n<div class=\"vc_empty_space\"><\/div>\n","protected":false},"excerpt":{"rendered":"<p>Una motocicleta \u00e1gil y confiable para el d\u00eda a d\u00eda, con 471CC y transmisi\u00f3n Mec\u00e1nica 6 velocidades, pensada para comodidad y econom\u00eda.<\/p>\n","protected":false},"featured_media":4115,"template":"","meta":[],"product_brand":[],"product_cat":[92],"product_tag":[],"class_list":{"0":"post-4298","1":"product","2":"type-product","3":"status-publish","4":"has-post-thumbnail","6":"product_cat-motocicletas","8":"first","9":"instock","10":"shipping-taxable","11":"purchasable","12":"product-type-variable","13":"has-default-attributes"},"_links":{"self":[{"href":"https:\/\/topmotors.pe\/tienda\/wp-json\/wp\/v2\/product\/4298","targetHints":{"allow":["GET"]}}],"collection":[{"href":"https:\/\/topmotors.pe\/tienda\/wp-json\/wp\/v2\/product"}],"about":[{"href":"https:\/\/topmotors.pe\/tienda\/wp-json\/wp\/v2\/types\/product"}],"wp:featuredmedia":[{"embeddable":true,"href":"https:\/\/topmotors.pe\/tienda\/wp-json\/wp\/v2\/media\/4115"}],"wp:attachment":[{"href":"https:\/\/topmotors.pe\/tienda\/wp-json\/wp\/v2\/media?parent=4298"}],"wp:term":[{"taxonomy":"product_brand","embeddable":true,"href":"https:\/\/topmotors.pe\/tienda\/wp-json\/wp\/v2\/product_brand?post=4298"},{"taxonomy":"product_cat","embeddable":true,"href":"https:\/\/topmotors.pe\/tienda\/wp-json\/wp\/v2\/product_cat?post=4298"},{"taxonomy":"product_tag","embeddable":true,"href":"https:\/\/topmotors.pe\/tienda\/wp-json\/wp\/v2\/product_tag?post=4298"}],"curies":[{"name":"wp","href":"https:\/\/api.w.org\/{rel}","templated":true}]}}